{"id":332,"date":"2023-09-27T12:16:52","date_gmt":"2023-09-27T10:16:52","guid":{"rendered":"https:\/\/soundborn.at\/?page_id=332"},"modified":"2026-03-26T13:06:47","modified_gmt":"2026-03-26T12:06:47","slug":"impressum","status":"publish","type":"page","link":"https:\/\/soundborn.at\/en\/impressum\/","title":{"rendered":"Legal Notice"},"content":{"rendered":"<div data-elementor-type=\"wp-page\" data-elementor-id=\"332\" class=\"elementor elementor-332\">\n\t\t\t\t<div class=\"elementor-element elementor-element-33b2357 e-con-full she-header-yes e-flex e-con e-child\" data-id=\"33b2357\" data-element_type=\"container\" data-e-type=\"container\" data-settings=\"{&quot;background_background&quot;:&quot;classic&quot;,&quot;transparent&quot;:&quot;yes&quot;,&quot;scroll_distance&quot;:{&quot;unit&quot;:&quot;px&quot;,&quot;size&quot;:90,&quot;sizes&quot;:[]},&quot;she_padding&quot;:{&quot;unit&quot;:&quot;px&quot;,&quot;top&quot;:&quot;10&quot;,&quot;right&quot;:&quot;0&quot;,&quot;bottom&quot;:&quot;0&quot;,&quot;left&quot;:&quot;0&quot;,&quot;isLinked&quot;:false},&quot;bottom_shadow&quot;:&quot;yes&quot;,&quot;shrink_header&quot;:&quot;yes&quot;,&quot;custom_height_header&quot;:{&quot;unit&quot;:&quot;px&quot;,&quot;size&quot;:60,&quot;sizes&quot;:[]},&quot;transparent_on&quot;:[&quot;desktop&quot;,&quot;tablet&quot;,&quot;mobile&quot;],&quot;scroll_distance_tablet&quot;:{&quot;unit&quot;:&quot;px&quot;,&quot;size&quot;:&quot;&quot;,&quot;sizes&quot;:[]},&quot;scroll_distance_mobile&quot;:{&quot;unit&quot;:&quot;px&quot;,&quot;size&quot;:&quot;&quot;,&quot;sizes&quot;:[]},&quot;she_offset_top&quot;:{&quot;unit&quot;:&quot;px&quot;,&quot;size&quot;:0,&quot;sizes&quot;:[]},&quot;she_offset_top_tablet&quot;:{&quot;unit&quot;:&quot;px&quot;,&quot;size&quot;:&quot;&quot;,&quot;sizes&quot;:[]},&quot;she_offset_top_mobile&quot;:{&quot;unit&quot;:&quot;px&quot;,&quot;size&quot;:&quot;&quot;,&quot;sizes&quot;:[]},&quot;she_width&quot;:{&quot;unit&quot;:&quot;%&quot;,&quot;size&quot;:100,&quot;sizes&quot;:[]},&quot;she_width_tablet&quot;:{&quot;unit&quot;:&quot;px&quot;,&quot;size&quot;:&quot;&quot;,&quot;sizes&quot;:[]},&quot;she_width_mobile&quot;:{&quot;unit&quot;:&quot;px&quot;,&quot;size&quot;:&quot;&quot;,&quot;sizes&quot;:[]},&quot;she_padding_tablet&quot;:{&quot;unit&quot;:&quot;px&quot;,&quot;top&quot;:&quot;&quot;,&quot;right&quot;:&quot;&quot;,&quot;bottom&quot;:&quot;&quot;,&quot;left&quot;:&quot;&quot;,&quot;isLinked&quot;:true},&quot;she_padding_mobile&quot;:{&quot;unit&quot;:&quot;px&quot;,&quot;top&quot;:&quot;&quot;,&quot;right&quot;:&quot;&quot;,&quot;bottom&quot;:&quot;&quot;,&quot;left&quot;:&quot;&quot;,&quot;isLinked&quot;:true},&quot;bottom_shadow_color&quot;:&quot;rgba(0, 0, 0, 0.15)&quot;,&quot;bottom_shadow_vertical&quot;:{&quot;unit&quot;:&quot;px&quot;,&quot;size&quot;:0,&quot;sizes&quot;:[]},&quot;bottom_shadow_blur&quot;:{&quot;unit&quot;:&quot;px&quot;,&quot;size&quot;:30,&quot;sizes&quot;:[]},&quot;bottom_shadow_spread&quot;:{&quot;unit&quot;:&quot;px&quot;,&quot;size&quot;:0,&quot;sizes&quot;:[]},&quot;custom_height_header_tablet&quot;:{&quot;unit&quot;:&quot;px&quot;,&quot;size&quot;:&quot;&quot;,&quot;sizes&quot;:[]},&quot;custom_height_header_mobile&quot;:{&quot;unit&quot;:&quot;px&quot;,&quot;size&quot;:&quot;&quot;,&quot;sizes&quot;:[]}}\">\n\t\t\t\t<div class=\"elementor-element elementor-element-0fea86c elementor-view-default elementor-widget elementor-widget-icon-box\" data-id=\"0fea86c\" data-element_type=\"widget\" data-e-type=\"widget\" data-widget_type=\"icon-box.default\">\n\t\t\t\t<div class=\"elementor-widget-container\">\n\t\t\t\t\t\t\t<div class=\"elementor-icon-box-wrapper\">\n\n\t\t\t\t\t\t<div class=\"elementor-icon-box-icon\">\n\t\t\t\t<a href=\"\/en\/home\/\" class=\"elementor-icon elementor-animation-grow\" tabindex=\"-1\">\n\t\t\t\t<i aria-hidden=\"true\" class=\"fas fa-step-backward\"><\/i>\t\t\t\t<\/a>\n\t\t\t<\/div>\n\t\t\t\n\t\t\t\n\t\t<\/div>\n\t\t\t\t\t\t<\/div>\n\t\t\t\t<\/div>\n\t\t<div class=\"elementor-element elementor-element-0915a76 e-con-full e-flex e-con e-child\" data-id=\"0915a76\" data-element_type=\"container\" data-e-type=\"container\">\n\t\t\t\t<div class=\"elementor-element elementor-element-6243b90 e-transform elementor-widget elementor-widget-heading\" data-id=\"6243b90\" data-element_type=\"widget\" data-e-type=\"widget\" data-settings=\"{&quot;_animation&quot;:&quot;none&quot;,&quot;_transform_scale_effect_hover&quot;:{&quot;unit&quot;:&quot;px&quot;,&quot;size&quot;:1.1,&quot;sizes&quot;:[]},&quot;_transform_scale_effect_hover_tablet&quot;:{&quot;unit&quot;:&quot;px&quot;,&quot;size&quot;:&quot;&quot;,&quot;sizes&quot;:[]},&quot;_transform_scale_effect_hover_mobile&quot;:{&quot;unit&quot;:&quot;px&quot;,&quot;size&quot;:&quot;&quot;,&quot;sizes&quot;:[]}}\" data-widget_type=\"heading.default\">\n\t\t\t\t<div class=\"elementor-widget-container\">\n\t\t\t\t\t<h2 class=\"elementor-heading-title elementor-size-default\"><a href=\"\/en\/booking\/\">Booking<\/a><\/h2>\t\t\t\t<\/div>\n\t\t\t\t<\/div>\n\t\t\t\t<div class=\"elementor-element elementor-element-bd15b8b e-transform elementor-widget elementor-widget-heading\" data-id=\"bd15b8b\" data-element_type=\"widget\" data-e-type=\"widget\" data-settings=\"{&quot;_animation&quot;:&quot;none&quot;,&quot;_transform_scale_effect_hover&quot;:{&quot;unit&quot;:&quot;px&quot;,&quot;size&quot;:1.1,&quot;sizes&quot;:[]},&quot;_transform_scale_effect_hover_tablet&quot;:{&quot;unit&quot;:&quot;px&quot;,&quot;size&quot;:&quot;&quot;,&quot;sizes&quot;:[]},&quot;_transform_scale_effect_hover_mobile&quot;:{&quot;unit&quot;:&quot;px&quot;,&quot;size&quot;:&quot;&quot;,&quot;sizes&quot;:[]}}\" data-widget_type=\"heading.default\">\n\t\t\t\t<div class=\"elementor-widget-container\">\n\t\t\t\t\t<h2 class=\"elementor-heading-title elementor-size-default\"><a href=\"\/en\/mein-konto\/\">My Account<\/a><\/h2>\t\t\t\t<\/div>\n\t\t\t\t<\/div>\n\t\t\t\t<div class=\"elementor-element elementor-element-da4094f e-transform elementor-widget elementor-widget-heading\" data-id=\"da4094f\" data-element_type=\"widget\" data-e-type=\"widget\" data-settings=\"{&quot;_animation&quot;:&quot;none&quot;,&quot;_transform_scale_effect_hover&quot;:{&quot;unit&quot;:&quot;px&quot;,&quot;size&quot;:1.1,&quot;sizes&quot;:[]},&quot;_transform_scale_effect_hover_tablet&quot;:{&quot;unit&quot;:&quot;px&quot;,&quot;size&quot;:&quot;&quot;,&quot;sizes&quot;:[]},&quot;_transform_scale_effect_hover_mobile&quot;:{&quot;unit&quot;:&quot;px&quot;,&quot;size&quot;:&quot;&quot;,&quot;sizes&quot;:[]}}\" data-widget_type=\"heading.default\">\n\t\t\t\t<div class=\"elementor-widget-container\">\n\t\t\t\t\t<h2 class=\"elementor-heading-title elementor-size-default\"><a href=\"\/en\/guide\/\">Guide<\/a><\/h2>\t\t\t\t<\/div>\n\t\t\t\t<\/div>\n\t\t\t\t<div class=\"elementor-element elementor-element-8b301d8 e-transform elementor-widget elementor-widget-heading\" data-id=\"8b301d8\" data-element_type=\"widget\" data-e-type=\"widget\" data-settings=\"{&quot;_animation&quot;:&quot;none&quot;,&quot;_transform_scale_effect_hover&quot;:{&quot;unit&quot;:&quot;px&quot;,&quot;size&quot;:1.1,&quot;sizes&quot;:[]},&quot;_transform_scale_effect_hover_tablet&quot;:{&quot;unit&quot;:&quot;px&quot;,&quot;size&quot;:&quot;&quot;,&quot;sizes&quot;:[]},&quot;_transform_scale_effect_hover_mobile&quot;:{&quot;unit&quot;:&quot;px&quot;,&quot;size&quot;:&quot;&quot;,&quot;sizes&quot;:[]}}\" data-widget_type=\"heading.default\">\n\t\t\t\t<div class=\"elementor-widget-container\">\n\t\t\t\t\t<h2 class=\"elementor-heading-title elementor-size-default\"><a href=\"\/en\/rooms\/\">Rooms<\/a><\/h2>\t\t\t\t<\/div>\n\t\t\t\t<\/div>\n\t\t\t\t<div class=\"elementor-element elementor-element-1758fec e-transform elementor-widget elementor-widget-heading\" data-id=\"1758fec\" data-element_type=\"widget\" data-e-type=\"widget\" data-settings=\"{&quot;_animation&quot;:&quot;none&quot;,&quot;_transform_scale_effect_hover&quot;:{&quot;unit&quot;:&quot;px&quot;,&quot;size&quot;:1.1,&quot;sizes&quot;:[]},&quot;_transform_scale_effect_hover_tablet&quot;:{&quot;unit&quot;:&quot;px&quot;,&quot;size&quot;:&quot;&quot;,&quot;sizes&quot;:[]},&quot;_transform_scale_effect_hover_mobile&quot;:{&quot;unit&quot;:&quot;px&quot;,&quot;size&quot;:&quot;&quot;,&quot;sizes&quot;:[]}}\" data-widget_type=\"heading.default\">\n\t\t\t\t<div class=\"elementor-widget-container\">\n\t\t\t\t\t<h2 class=\"elementor-heading-title elementor-size-default\"><a href=\"\/en\/aboutus\/\">About Us<\/a><\/h2>\t\t\t\t<\/div>\n\t\t\t\t<\/div>\n\t\t\t\t<\/div>\n\t\t\t\t<\/div>\n\t\t<div class=\"elementor-element elementor-element-83cef85 e-con-full e-flex e-con e-parent\" data-id=\"83cef85\" data-element_type=\"container\" data-e-type=\"container\" data-settings=\"{&quot;background_background&quot;:&quot;classic&quot;}\">\n\t\t\t\t<div class=\"elementor-element elementor-element-1f75f80 elementor-widget elementor-widget-heading\" data-id=\"1f75f80\" data-element_type=\"widget\" data-e-type=\"widget\" data-widget_type=\"heading.default\">\n\t\t\t\t<div class=\"elementor-widget-container\">\n\t\t\t\t\t<h2 class=\"elementor-heading-title elementor-size-default\">Legal Notice<\/h2>\t\t\t\t<\/div>\n\t\t\t\t<\/div>\n\t\t\t\t<\/div>\n\t\t<div class=\"elementor-element elementor-element-0dc549f e-con-full e-flex e-con e-parent\" data-id=\"0dc549f\" data-element_type=\"container\" data-e-type=\"container\" data-settings=\"{&quot;background_background&quot;:&quot;classic&quot;}\">\n\t\t\t\t<div class=\"elementor-element elementor-element-8be9d46 elementor-widget elementor-widget-text-editor\" data-id=\"8be9d46\" data-element_type=\"widget\" data-e-type=\"widget\" data-widget_type=\"text-editor.default\">\n\t\t\t\t<div class=\"elementor-widget-container\">\n\t\t\t\t\t\t\t\t\t<p data-start=\"2443\" data-end=\"2455\">SOUNDBORN eG<\/p><p data-start=\"2457\" data-end=\"2518\" class=\"translation-block\">Registered office \/ billing address:<br>Sch\u00f6nborngasse 9\/2<br>A-1080 Vienna<br>Studio location \/ visitor address for bookings:<br>Klesheimgasse 2<br>A-1080 Vienna<br>Company register no.: 612888g <br>Company register court: Commercial Court Vienna <br>VAT ID: ATU80004326 <br>E-Mail: office@soundborn.at <br>Authorized representatives: Fabian Wessely (Managing Director), Philipp Wichtl, Manuel Beraha, David Beraha<br>Legal form: Registered cooperative (eG)<br>Online dispute resolution according to Art. 14 para. 1 ODR Regulation: <br>The European Commission provides a platform for online dispute resolution (ODR), which you can find at this <a href=\"https:\/\/ec.europa.eu\/consumers\/odr\" target=\"_self\">link<\/a> (as of 01\/25).<\/p>\t\t\t\t\t\t\t\t<\/div>\n\t\t\t\t<\/div>\n\t\t\t\t<\/div>\n\t\t<div class=\"elementor-element elementor-element-297a30e e-con-full e-flex e-con e-parent\" data-id=\"297a30e\" data-element_type=\"container\" data-e-type=\"container\">\n\t\t<div class=\"elementor-element elementor-element-4307c09 e-con-full e-flex e-con e-child\" data-id=\"4307c09\" data-element_type=\"container\" data-e-type=\"container\" data-settings=\"{&quot;background_background&quot;:&quot;classic&quot;}\">\n\t\t\t\t<div class=\"elementor-element elementor-element-ec996f0 elementor-widget elementor-widget-heading\" data-id=\"ec996f0\" data-element_type=\"widget\" data-e-type=\"widget\" data-widget_type=\"heading.default\">\n\t\t\t\t<div class=\"elementor-widget-container\">\n\t\t\t\t\t<h2 class=\"elementor-heading-title elementor-size-default\">\u00a9 2026 Soundborn eG<\/h2>\t\t\t\t<\/div>\n\t\t\t\t<\/div>\n\t\t\t\t<\/div>\n\t\t\t\t<\/div>\n\t\t\t\t<\/div>","protected":false},"excerpt":{"rendered":"<p>Buchen Mein Konto Guide R\u00e4ume \u00dcber Uns Impressum SOUNDBORN eG Firmensitz \/ Rechnungsadresse:Sch\u00f6nborngasse 9\/2A-1080 WienStudio-Standort \/ Besucheradresse f\u00fcr Buchungen:Klesheimgasse 2A-1080 WienFirmenbuch Nr.: 612888g Firmenbuchgericht: Handelsgericht Wien UID: ATU80004326 E-Mail: office@soundborn.at Vertretungsberechtigte: Fabian Wessely (Gesch\u00e4ftsf\u00fchrer), Philipp Wichtl, Manuel Beraha, David BerahaRechtsform: Eingetragene Genossenschaft (EG)Online-Streitbeilegung gem\u00e4\u00df Art. 14 Abs. 1 ODR-VO: Die Europ\u00e4ische Kommission stellt eine Plattform [&hellip;]<\/p>","protected":false},"author":1,"featured_media":0,"parent":0,"menu_order":0,"comment_status":"closed","ping_status":"closed","template":"elementor_canvas","meta":{"_acf_changed":false,"footnotes":""},"class_list":["post-332","page","type-page","status-publish","hentry"],"acf":[],"yoast_head":"<!-- This site is optimized with the Yoast SEO plugin v26.9 - https:\/\/yoast.com\/product\/yoast-seo-wordpress\/ -->\n<title>Impressum - Soundborn<\/title>\n<meta name=\"description\" content=\"Prober\u00e4ume Wien, Tonstudio Wien, Podcasts aufnehmen, Raum f\u00fcr Workshops mieten, Raum f\u00fcr Veranstaltungen buchen, \u00d6ffentliche Jam-Sessions, Raum f\u00fcr Karaoke\" \/>\n<meta name=\"robots\" content=\"index, follow, max-snippet:-1, max-image-preview:large, max-video-preview:-1\" \/>\n<link rel=\"canonical\" href=\"https:\/\/soundborn.at\/en\/impressum\/\" \/>\n<meta property=\"og:locale\" content=\"en_GB\" \/>\n<meta property=\"og:type\" content=\"article\" \/>\n<meta property=\"og:title\" content=\"Impressum - Soundborn\" \/>\n<meta property=\"og:description\" content=\"Prober\u00e4ume Wien, Tonstudio Wien, Podcasts aufnehmen, Raum f\u00fcr Workshops mieten, Raum f\u00fcr Veranstaltungen buchen, \u00d6ffentliche Jam-Sessions, Raum f\u00fcr Karaoke\" \/>\n<meta property=\"og:url\" content=\"https:\/\/soundborn.at\/en\/impressum\/\" \/>\n<meta property=\"og:site_name\" content=\"Soundborn\" \/>\n<meta property=\"article:publisher\" content=\"https:\/\/www.facebook.com\/Soundborn\" \/>\n<meta property=\"article:modified_time\" content=\"2026-03-26T12:06:47+00:00\" \/>\n<meta name=\"twitter:card\" content=\"summary_large_image\" \/>\n<meta name=\"twitter:label1\" content=\"Estimated reading time\" \/>\n\t<meta name=\"twitter:data1\" content=\"1 minute\" \/>\n<script type=\"application\/ld+json\" class=\"yoast-schema-graph\">{\"@context\":\"https:\/\/schema.org\",\"@graph\":[{\"@type\":\"WebPage\",\"@id\":\"https:\/\/soundborn.at\/impressum\/\",\"url\":\"https:\/\/soundborn.at\/impressum\/\",\"name\":\"Impressum - Soundborn\",\"isPartOf\":{\"@id\":\"https:\/\/soundborn.at\/#website\"},\"datePublished\":\"2023-09-27T10:16:52+00:00\",\"dateModified\":\"2026-03-26T12:06:47+00:00\",\"description\":\"Prober\u00e4ume Wien, Tonstudio Wien, Podcasts aufnehmen, Raum f\u00fcr Workshops mieten, Raum f\u00fcr Veranstaltungen buchen, \u00d6ffentliche Jam-Sessions, Raum f\u00fcr Karaoke\",\"breadcrumb\":{\"@id\":\"https:\/\/soundborn.at\/impressum\/#breadcrumb\"},\"inLanguage\":\"en-GB\",\"potentialAction\":[{\"@type\":\"ReadAction\",\"target\":[\"https:\/\/soundborn.at\/impressum\/\"]}]},{\"@type\":\"BreadcrumbList\",\"@id\":\"https:\/\/soundborn.at\/impressum\/#breadcrumb\",\"itemListElement\":[{\"@type\":\"ListItem\",\"position\":1,\"name\":\"Home\",\"item\":\"https:\/\/soundborn.at\/\"},{\"@type\":\"ListItem\",\"position\":2,\"name\":\"Impressum\"}]},{\"@type\":\"WebSite\",\"@id\":\"https:\/\/soundborn.at\/#website\",\"url\":\"https:\/\/soundborn.at\/\",\"name\":\"Soundborn\",\"description\":\"Tonstudio &amp; Prober\u00e4ume in Wien\",\"publisher\":{\"@id\":\"https:\/\/soundborn.at\/#organization\"},\"potentialAction\":[{\"@type\":\"SearchAction\",\"target\":{\"@type\":\"EntryPoint\",\"urlTemplate\":\"https:\/\/soundborn.at\/?s={search_term_string}\"},\"query-input\":{\"@type\":\"PropertyValueSpecification\",\"valueRequired\":true,\"valueName\":\"search_term_string\"}}],\"inLanguage\":\"en-GB\"},{\"@type\":\"Organization\",\"@id\":\"https:\/\/soundborn.at\/#organization\",\"name\":\"Soundborn\",\"url\":\"https:\/\/soundborn.at\/\",\"logo\":{\"@type\":\"ImageObject\",\"inLanguage\":\"en-GB\",\"@id\":\"https:\/\/soundborn.at\/#\/schema\/logo\/image\/\",\"url\":\"https:\/\/soundborn.at\/wp-content\/uploads\/2025\/02\/Soundborn_RedOnTrans_0.png\",\"contentUrl\":\"https:\/\/soundborn.at\/wp-content\/uploads\/2025\/02\/Soundborn_RedOnTrans_0.png\",\"width\":2401,\"height\":1201,\"caption\":\"Soundborn\"},\"image\":{\"@id\":\"https:\/\/soundborn.at\/#\/schema\/logo\/image\/\"},\"sameAs\":[\"https:\/\/www.facebook.com\/Soundborn\",\"https:\/\/www.instagram.com\/soundbornofficial\"]}]}<\/script>\n<!-- \/ Yoast SEO plugin. -->","yoast_head_json":{"title":"Impressum - Soundborn","description":"Prober\u00e4ume Wien, Tonstudio Wien, Podcasts aufnehmen, Raum f\u00fcr Workshops mieten, Raum f\u00fcr Veranstaltungen buchen, \u00d6ffentliche Jam-Sessions, Raum f\u00fcr Karaoke","robots":{"index":"index","follow":"follow","max-snippet":"max-snippet:-1","max-image-preview":"max-image-preview:large","max-video-preview":"max-video-preview:-1"},"canonical":"https:\/\/soundborn.at\/en\/impressum\/","og_locale":"en_GB","og_type":"article","og_title":"Impressum - Soundborn","og_description":"Prober\u00e4ume Wien, Tonstudio Wien, Podcasts aufnehmen, Raum f\u00fcr Workshops mieten, Raum f\u00fcr Veranstaltungen buchen, \u00d6ffentliche Jam-Sessions, Raum f\u00fcr Karaoke","og_url":"https:\/\/soundborn.at\/en\/impressum\/","og_site_name":"Soundborn","article_publisher":"https:\/\/www.facebook.com\/Soundborn","article_modified_time":"2026-03-26T12:06:47+00:00","twitter_card":"summary_large_image","twitter_misc":{"Estimated reading time":"1 minute"},"schema":{"@context":"https:\/\/schema.org","@graph":[{"@type":"WebPage","@id":"https:\/\/soundborn.at\/impressum\/","url":"https:\/\/soundborn.at\/impressum\/","name":"Impressum - Soundborn","isPartOf":{"@id":"https:\/\/soundborn.at\/#website"},"datePublished":"2023-09-27T10:16:52+00:00","dateModified":"2026-03-26T12:06:47+00:00","description":"Prober\u00e4ume Wien, Tonstudio Wien, Podcasts aufnehmen, Raum f\u00fcr Workshops mieten, Raum f\u00fcr Veranstaltungen buchen, \u00d6ffentliche Jam-Sessions, Raum f\u00fcr Karaoke","breadcrumb":{"@id":"https:\/\/soundborn.at\/impressum\/#breadcrumb"},"inLanguage":"en-GB","potentialAction":[{"@type":"ReadAction","target":["https:\/\/soundborn.at\/impressum\/"]}]},{"@type":"BreadcrumbList","@id":"https:\/\/soundborn.at\/impressum\/#breadcrumb","itemListElement":[{"@type":"ListItem","position":1,"name":"Home","item":"https:\/\/soundborn.at\/"},{"@type":"ListItem","position":2,"name":"Impressum"}]},{"@type":"WebSite","@id":"https:\/\/soundborn.at\/#website","url":"https:\/\/soundborn.at\/","name":"Soundborn","description":"Tonstudio &amp; Prober\u00e4ume in Wien","publisher":{"@id":"https:\/\/soundborn.at\/#organization"},"potentialAction":[{"@type":"SearchAction","target":{"@type":"EntryPoint","urlTemplate":"https:\/\/soundborn.at\/?s={search_term_string}"},"query-input":{"@type":"PropertyValueSpecification","valueRequired":true,"valueName":"search_term_string"}}],"inLanguage":"en-GB"},{"@type":"Organization","@id":"https:\/\/soundborn.at\/#organization","name":"Soundborn","url":"https:\/\/soundborn.at\/","logo":{"@type":"ImageObject","inLanguage":"en-GB","@id":"https:\/\/soundborn.at\/#\/schema\/logo\/image\/","url":"https:\/\/soundborn.at\/wp-content\/uploads\/2025\/02\/Soundborn_RedOnTrans_0.png","contentUrl":"https:\/\/soundborn.at\/wp-content\/uploads\/2025\/02\/Soundborn_RedOnTrans_0.png","width":2401,"height":1201,"caption":"Soundborn"},"image":{"@id":"https:\/\/soundborn.at\/#\/schema\/logo\/image\/"},"sameAs":["https:\/\/www.facebook.com\/Soundborn","https:\/\/www.instagram.com\/soundbornofficial"]}]}},"rttpg_featured_image_url":null,"rttpg_author":{"display_name":"Manuel","author_link":"https:\/\/soundborn.at\/en\/author\/madman86\/"},"rttpg_comment":0,"rttpg_category":null,"rttpg_excerpt":"Buchen Mein Konto Guide R\u00e4ume \u00dcber Uns Impressum SOUNDBORN eG Firmensitz \/ Rechnungsadresse:Sch\u00f6nborngasse 9\/2A-1080 WienStudio-Standort \/ Besucheradresse f\u00fcr Buchungen:Klesheimgasse 2A-1080 WienFirmenbuch Nr.: 612888g Firmenbuchgericht: Handelsgericht Wien UID: ATU80004326 E-Mail: office@soundborn.at Vertretungsberechtigte: Fabian Wessely (Gesch\u00e4ftsf\u00fchrer), Philipp Wichtl, Manuel Beraha, David BerahaRechtsform: Eingetragene Genossenschaft (EG)Online-Streitbeilegung gem\u00e4\u00df Art. 14 Abs. 1 ODR-VO: Die Europ\u00e4ische Kommission stellt eine Plattform&hellip;","_links":{"self":[{"href":"https:\/\/soundborn.at\/en\/wp-json\/wp\/v2\/pages\/332","targetHints":{"allow":["GET"]}}],"collection":[{"href":"https:\/\/soundborn.at\/en\/wp-json\/wp\/v2\/pages"}],"about":[{"href":"https:\/\/soundborn.at\/en\/wp-json\/wp\/v2\/types\/page"}],"author":[{"embeddable":true,"href":"https:\/\/soundborn.at\/en\/wp-json\/wp\/v2\/users\/1"}],"replies":[{"embeddable":true,"href":"https:\/\/soundborn.at\/en\/wp-json\/wp\/v2\/comments?post=332"}],"version-history":[{"count":24,"href":"https:\/\/soundborn.at\/en\/wp-json\/wp\/v2\/pages\/332\/revisions"}],"predecessor-version":[{"id":5090,"href":"https:\/\/soundborn.at\/en\/wp-json\/wp\/v2\/pages\/332\/revisions\/5090"}],"wp:attachment":[{"href":"https:\/\/soundborn.at\/en\/wp-json\/wp\/v2\/media?parent=332"}],"curies":[{"name":"wp","href":"https:\/\/api.w.org\/{rel}","templated":true}]}}