{"id":655,"date":"2025-01-14T11:27:49","date_gmt":"2025-01-14T10:27:49","guid":{"rendered":"https:\/\/soundborn.at\/quote-checkout-redirect"},"modified":"2025-02-17T16:47:21","modified_gmt":"2025-02-17T15:47:21","slug":"quote-checkout-redirect","status":"publish","type":"page","link":"https:\/\/soundborn.at\/en\/quote-checkout-redirect\/","title":{"rendered":"Quote Checkout Redirect"},"content":{"rendered":"<p>[rfq_gust_checkout_form]<\/p>","protected":false},"excerpt":{"rendered":"<p>[rfq_gust_checkout_form]<\/p>","protected":false},"author":1,"featured_media":0,"parent":0,"menu_order":0,"comment_status":"closed","ping_status":"closed","template":"","meta":{"_acf_changed":false,"footnotes":""},"class_list":["post-655","page","type-page","status-publish","hentry"],"acf":[],"yoast_head":"<!-- This site is optimized with the Yoast SEO plugin v26.9 - https:\/\/yoast.com\/product\/yoast-seo-wordpress\/ -->\n<title>Quote Checkout Redirect - Soundborn<\/title>\n<meta name=\"description\" content=\"Prober\u00e4ume Wien, Tonstudio Wien, Podcasts aufnehmen, Raum f\u00fcr Workshops mieten, Raum f\u00fcr Veranstaltungen buchen, \u00d6ffentliche Jam-Sessions, Raum f\u00fcr Karaoke\" \/>\n<meta name=\"robots\" content=\"index, follow, max-snippet:-1, max-image-preview:large, max-video-preview:-1\" \/>\n<link rel=\"canonical\" href=\"https:\/\/soundborn.at\/en\/quote-checkout-redirect\/\" \/>\n<meta property=\"og:locale\" content=\"en_GB\" \/>\n<meta property=\"og:type\" content=\"article\" \/>\n<meta property=\"og:title\" content=\"Quote Checkout Redirect - Soundborn\" \/>\n<meta property=\"og:description\" content=\"Prober\u00e4ume Wien, Tonstudio Wien, Podcasts aufnehmen, Raum f\u00fcr Workshops mieten, Raum f\u00fcr Veranstaltungen buchen, \u00d6ffentliche Jam-Sessions, Raum f\u00fcr Karaoke\" \/>\n<meta property=\"og:url\" content=\"https:\/\/soundborn.at\/en\/quote-checkout-redirect\/\" \/>\n<meta property=\"og:site_name\" content=\"Soundborn\" \/>\n<meta property=\"article:publisher\" content=\"https:\/\/www.facebook.com\/Soundborn\" \/>\n<meta property=\"article:modified_time\" content=\"2025-02-17T15:47:21+00:00\" \/>\n<meta name=\"twitter:card\" content=\"summary_large_image\" \/>\n<script type=\"application\/ld+json\" class=\"yoast-schema-graph\">{\"@context\":\"https:\/\/schema.org\",\"@graph\":[{\"@type\":\"WebPage\",\"@id\":\"https:\/\/soundborn.at\/quote-checkout-redirect\/\",\"url\":\"https:\/\/soundborn.at\/quote-checkout-redirect\/\",\"name\":\"Quote Checkout Redirect - Soundborn\",\"isPartOf\":{\"@id\":\"https:\/\/soundborn.at\/#website\"},\"datePublished\":\"2025-01-14T10:27:49+00:00\",\"dateModified\":\"2025-02-17T15:47:21+00:00\",\"description\":\"Prober\u00e4ume Wien, Tonstudio Wien, Podcasts aufnehmen, Raum f\u00fcr Workshops mieten, Raum f\u00fcr Veranstaltungen buchen, \u00d6ffentliche Jam-Sessions, Raum f\u00fcr Karaoke\",\"breadcrumb\":{\"@id\":\"https:\/\/soundborn.at\/quote-checkout-redirect\/#breadcrumb\"},\"inLanguage\":\"en-GB\",\"potentialAction\":[{\"@type\":\"ReadAction\",\"target\":[\"https:\/\/soundborn.at\/quote-checkout-redirect\/\"]}]},{\"@type\":\"BreadcrumbList\",\"@id\":\"https:\/\/soundborn.at\/quote-checkout-redirect\/#breadcrumb\",\"itemListElement\":[{\"@type\":\"ListItem\",\"position\":1,\"name\":\"Home\",\"item\":\"https:\/\/soundborn.at\/\"},{\"@type\":\"ListItem\",\"position\":2,\"name\":\"Quote Checkout Redirect\"}]},{\"@type\":\"WebSite\",\"@id\":\"https:\/\/soundborn.at\/#website\",\"url\":\"https:\/\/soundborn.at\/\",\"name\":\"Soundborn\",\"description\":\"Tonstudio &amp; Prober\u00e4ume in Wien\",\"publisher\":{\"@id\":\"https:\/\/soundborn.at\/#organization\"},\"potentialAction\":[{\"@type\":\"SearchAction\",\"target\":{\"@type\":\"EntryPoint\",\"urlTemplate\":\"https:\/\/soundborn.at\/?s={search_term_string}\"},\"query-input\":{\"@type\":\"PropertyValueSpecification\",\"valueRequired\":true,\"valueName\":\"search_term_string\"}}],\"inLanguage\":\"en-GB\"},{\"@type\":\"Organization\",\"@id\":\"https:\/\/soundborn.at\/#organization\",\"name\":\"Soundborn\",\"url\":\"https:\/\/soundborn.at\/\",\"logo\":{\"@type\":\"ImageObject\",\"inLanguage\":\"en-GB\",\"@id\":\"https:\/\/soundborn.at\/#\/schema\/logo\/image\/\",\"url\":\"https:\/\/soundborn.at\/wp-content\/uploads\/2025\/02\/Soundborn_RedOnTrans_0.png\",\"contentUrl\":\"https:\/\/soundborn.at\/wp-content\/uploads\/2025\/02\/Soundborn_RedOnTrans_0.png\",\"width\":2401,\"height\":1201,\"caption\":\"Soundborn\"},\"image\":{\"@id\":\"https:\/\/soundborn.at\/#\/schema\/logo\/image\/\"},\"sameAs\":[\"https:\/\/www.facebook.com\/Soundborn\",\"https:\/\/www.instagram.com\/soundbornofficial\"]}]}<\/script>\n<!-- \/ Yoast SEO plugin. -->","yoast_head_json":{"title":"Quote Checkout Redirect - Soundborn","description":"Prober\u00e4ume Wien, Tonstudio Wien, Podcasts aufnehmen, Raum f\u00fcr Workshops mieten, Raum f\u00fcr Veranstaltungen buchen, \u00d6ffentliche Jam-Sessions, Raum f\u00fcr Karaoke","robots":{"index":"index","follow":"follow","max-snippet":"max-snippet:-1","max-image-preview":"max-image-preview:large","max-video-preview":"max-video-preview:-1"},"canonical":"https:\/\/soundborn.at\/en\/quote-checkout-redirect\/","og_locale":"en_GB","og_type":"article","og_title":"Quote Checkout Redirect - Soundborn","og_description":"Prober\u00e4ume Wien, Tonstudio Wien, Podcasts aufnehmen, Raum f\u00fcr Workshops mieten, Raum f\u00fcr Veranstaltungen buchen, \u00d6ffentliche Jam-Sessions, Raum f\u00fcr Karaoke","og_url":"https:\/\/soundborn.at\/en\/quote-checkout-redirect\/","og_site_name":"Soundborn","article_publisher":"https:\/\/www.facebook.com\/Soundborn","article_modified_time":"2025-02-17T15:47:21+00:00","twitter_card":"summary_large_image","schema":{"@context":"https:\/\/schema.org","@graph":[{"@type":"WebPage","@id":"https:\/\/soundborn.at\/quote-checkout-redirect\/","url":"https:\/\/soundborn.at\/quote-checkout-redirect\/","name":"Quote Checkout Redirect - Soundborn","isPartOf":{"@id":"https:\/\/soundborn.at\/#website"},"datePublished":"2025-01-14T10:27:49+00:00","dateModified":"2025-02-17T15:47:21+00:00","description":"Prober\u00e4ume Wien, Tonstudio Wien, Podcasts aufnehmen, Raum f\u00fcr Workshops mieten, Raum f\u00fcr Veranstaltungen buchen, \u00d6ffentliche Jam-Sessions, Raum f\u00fcr Karaoke","breadcrumb":{"@id":"https:\/\/soundborn.at\/quote-checkout-redirect\/#breadcrumb"},"inLanguage":"en-GB","potentialAction":[{"@type":"ReadAction","target":["https:\/\/soundborn.at\/quote-checkout-redirect\/"]}]},{"@type":"BreadcrumbList","@id":"https:\/\/soundborn.at\/quote-checkout-redirect\/#breadcrumb","itemListElement":[{"@type":"ListItem","position":1,"name":"Home","item":"https:\/\/soundborn.at\/"},{"@type":"ListItem","position":2,"name":"Quote Checkout Redirect"}]},{"@type":"WebSite","@id":"https:\/\/soundborn.at\/#website","url":"https:\/\/soundborn.at\/","name":"Soundborn","description":"Tonstudio &amp; Prober\u00e4ume in Wien","publisher":{"@id":"https:\/\/soundborn.at\/#organization"},"potentialAction":[{"@type":"SearchAction","target":{"@type":"EntryPoint","urlTemplate":"https:\/\/soundborn.at\/?s={search_term_string}"},"query-input":{"@type":"PropertyValueSpecification","valueRequired":true,"valueName":"search_term_string"}}],"inLanguage":"en-GB"},{"@type":"Organization","@id":"https:\/\/soundborn.at\/#organization","name":"Soundborn","url":"https:\/\/soundborn.at\/","logo":{"@type":"ImageObject","inLanguage":"en-GB","@id":"https:\/\/soundborn.at\/#\/schema\/logo\/image\/","url":"https:\/\/soundborn.at\/wp-content\/uploads\/2025\/02\/Soundborn_RedOnTrans_0.png","contentUrl":"https:\/\/soundborn.at\/wp-content\/uploads\/2025\/02\/Soundborn_RedOnTrans_0.png","width":2401,"height":1201,"caption":"Soundborn"},"image":{"@id":"https:\/\/soundborn.at\/#\/schema\/logo\/image\/"},"sameAs":["https:\/\/www.facebook.com\/Soundborn","https:\/\/www.instagram.com\/soundbornofficial"]}]}},"rttpg_featured_image_url":null,"rttpg_author":{"display_name":"Manuel","author_link":"https:\/\/soundborn.at\/en\/author\/madman86\/"},"rttpg_comment":0,"rttpg_category":null,"rttpg_excerpt":"[rfq_gust_checkout_form]","_links":{"self":[{"href":"https:\/\/soundborn.at\/en\/wp-json\/wp\/v2\/pages\/655","targetHints":{"allow":["GET"]}}],"collection":[{"href":"https:\/\/soundborn.at\/en\/wp-json\/wp\/v2\/pages"}],"about":[{"href":"https:\/\/soundborn.at\/en\/wp-json\/wp\/v2\/types\/page"}],"author":[{"embeddable":true,"href":"https:\/\/soundborn.at\/en\/wp-json\/wp\/v2\/users\/1"}],"replies":[{"embeddable":true,"href":"https:\/\/soundborn.at\/en\/wp-json\/wp\/v2\/comments?post=655"}],"version-history":[{"count":0,"href":"https:\/\/soundborn.at\/en\/wp-json\/wp\/v2\/pages\/655\/revisions"}],"wp:attachment":[{"href":"https:\/\/soundborn.at\/en\/wp-json\/wp\/v2\/media?parent=655"}],"curies":[{"name":"wp","href":"https:\/\/api.w.org\/{rel}","templated":true}]}}