{"id":3512,"date":"2025-07-07T11:44:49","date_gmt":"2025-07-07T09:44:49","guid":{"rendered":"https:\/\/soundborn.at\/?post_type=product&#038;p=3512"},"modified":"2026-03-12T08:57:03","modified_gmt":"2026-03-12T07:57:03","slug":"ganzes-soundborn-professional-recording","status":"publish","type":"product","link":"https:\/\/soundborn.at\/en\/online-booking\/ganzes-soundborn-professional-recording\/","title":{"rendered":"Ganzes Soundborn (Professional Recording)"},"content":{"rendered":"<h2>Professional Recordings<\/h2>\n<p>Ganz einfach zum Traum-Sound: Wir machen die Aufnahmen in h\u00f6chster Qualit\u00e4t und du bekommst alle Einzelspuren als WAV-Files.<\/p>\n<p>Bitte beachte, dass die Nachbearbeitung der Aufnahmen nicht im Angebot inkludiert ist.<\/p>\n<h2><strong>Control Room<\/strong><\/h2>\n<p>10 m2 Regie<br \/>\nVerbindungen zu Drum-Room und Live-Room<\/p>\n<p><span style=\"text-decoration: underline;\">Recording equipment (included):<br \/>\n<\/span><\/p>\n<p><strong>Preamps<\/strong><\/p>\n<ul>\n<li>Focusrite ISA 828 (8 Inputs)<\/li>\n<li>Warm Audio WA-412 (4 Inputs)<\/li>\n<li>Universal Audio UA 4-710d (4 Inputs)<\/li>\n<li>UA LA-610 MkII (1 Input)<\/li>\n<\/ul>\n<p><b>Recording System<\/b><\/p>\n<ul>\n<li>Motu 16a AVB<\/li>\n<li>Mac Mini 2025 (DAW: Nuendo &amp; Logic Pro)<\/li>\n<\/ul>\n<p><strong>Monitors<\/strong><\/p>\n<ul>\n<li>Genelec 8341 SAM<\/li>\n<li>Drawmer MC3.1<\/li>\n<\/ul>\n<p><strong>Microphones<\/strong><\/p>\n<ul>\n<li>4x AKG C2000B<\/li>\n<li>3x AKG C3000B<\/li>\n<li>2x AKG 3000<\/li>\n<li>2x AKG C 1000 S<\/li>\n<li>1x AKG C535EB<\/li>\n<li>1x Sennheiser e609<\/li>\n<li>1x Sennheiser e902<\/li>\n<li>4x Revox M3500 (Beyerdynamic M201N)<\/li>\n<li>2x Shure Sm57<\/li>\n<li>1x t.bone BD-300<\/li>\n<li>4x t.bone CD-65<\/li>\n<li>2x t.bone EM 500<\/li>\n<\/ul>\n<p><strong>Headphones<\/strong><\/p>\n<ul>\n<li>3x AKG K240<\/li>\n<li>4x Beyerdynamic DT770 Pro<\/li>\n<\/ul>\n<p>Maximum capacity: 5 persons<\/p>\n<h2><strong>Voice Room<\/strong><\/h2>\n<p>Dry acoustics\nIdeal for voice recordings, podcasting, interviews<\/p>\n<p>4 microphones<br \/>\n6 St\u00fchle &amp; 4 Tische<br \/>\n6 XLR Mikrofonanschl\u00fcsse zum Control-Room<br \/>\n2x Personal Monitor Mix<\/p>\n<p>20 m2<br \/>\nMaximum capacity: 6 persons<\/p>\n<h3><strong>Live Room<\/strong><\/h3>\n<p>50 m2<br \/>\nKlingende Akustik. Optimal f\u00fcr<br \/>\nMusikaufnahmen, Proben, Workshops,<br \/>\nVortr\u00e4ge<br \/>\n50m2<br \/>\nPA-Boxen, Mischpult, Musikanlage,<br \/>\nProjektor und Leinwand, 2 Vocal Mikrofone,<br \/>\nYamaha C3 Fl\u00fcgel, Drumset<br \/>\n20 St\u00fchle, 8 Tische, Notenst\u00e4nder, Pulte<br \/>\n16 microphone connections to the control room<\/p>\n<h3><strong>Drum Room<\/strong><\/h3>\n<p class=\"translation-block\">10 m\u00b2<br>\nAcoustically isolated and optimized chamber with a drum set and solo space<br>\n16 microphone connections to the control room<\/p>","protected":false},"excerpt":{"rendered":"<p>Professionelle Aufnahmen Ganz einfach zum Traum-Sound: Wir machen die Aufnahmen in h\u00f6chster Qualit\u00e4t und du bekommst alle Einzelspuren als WAV-Files. Bitte beachte, dass die Nachbearbeitung der Aufnahmen nicht im Angebot inkludiert ist. Control-Room 10 m2 Regie Verbindungen zu Drum-Room und Live-Room Aufnahme-Equipment (inkludiert): Preamps Focusrite ISA 828 (8 Inputs) Warm Audio WA-412 (4 Inputs) Universal [&hellip;]<\/p>","protected":false},"featured_media":1703,"template":"","meta":{"_acf_changed":false},"product_brand":[],"product_cat":[51],"product_tag":[],"class_list":{"0":"post-3512","1":"product","2":"type-product","3":"status-publish","4":"has-post-thumbnail","6":"product_cat-professional-recordings","8":"first","9":"instock","10":"taxable","11":"shipping-taxable","12":"purchasable","13":"product-type-redq_rental"},"acf":[],"yoast_head":"<!-- This site is optimized with the Yoast SEO plugin v26.9 - https:\/\/yoast.com\/product\/yoast-seo-wordpress\/ -->\n<title>Ganzes Soundborn (Professional Recording) - Soundborn<\/title>\n<meta name=\"description\" content=\"Buche das gesamte Soundborn f\u00fcr professionelle Projekte und Aufnahmen. Im Control-Room k\u00f6nnen Live-Room, Drum-Room &amp; Voice-Room einfach aufgenommen werden.\" \/>\n<meta name=\"robots\" content=\"index, follow, max-snippet:-1, max-image-preview:large, max-video-preview:-1\" \/>\n<link rel=\"canonical\" href=\"https:\/\/soundborn.at\/en\/online-booking\/ganzes-soundborn-professional-recording\/\" \/>\n<meta property=\"og:locale\" content=\"en_GB\" \/>\n<meta property=\"og:type\" content=\"article\" \/>\n<meta property=\"og:title\" content=\"Ganzes Soundborn (Professional Recording) - Soundborn\" \/>\n<meta property=\"og:description\" content=\"Buche das gesamte Soundborn f\u00fcr professionelle Projekte und Aufnahmen. Im Control-Room k\u00f6nnen Live-Room, Drum-Room &amp; Voice-Room einfach aufgenommen werden.\" \/>\n<meta property=\"og:url\" content=\"https:\/\/soundborn.at\/en\/online-booking\/ganzes-soundborn-professional-recording\/\" \/>\n<meta property=\"og:site_name\" content=\"Soundborn\" \/>\n<meta property=\"article:publisher\" content=\"https:\/\/www.facebook.com\/Soundborn\" \/>\n<meta property=\"article:modified_time\" content=\"2026-03-12T07:57:03+00:00\" \/>\n<meta property=\"og:image\" content=\"https:\/\/soundborn.at\/wp-content\/uploads\/2025\/01\/DSCF1729_processed.webp\" \/>\n\t<meta property=\"og:image:width\" content=\"1500\" \/>\n\t<meta property=\"og:image:height\" content=\"1000\" \/>\n\t<meta property=\"og:image:type\" content=\"image\/webp\" \/>\n<meta name=\"twitter:card\" content=\"summary_large_image\" \/>\n<meta name=\"twitter:label1\" content=\"Estimated reading time\" \/>\n\t<meta name=\"twitter:data1\" content=\"2 minutes\" \/>\n<script type=\"application\/ld+json\" class=\"yoast-schema-graph\">{\"@context\":\"https:\/\/schema.org\",\"@graph\":[{\"@type\":\"WebPage\",\"@id\":\"https:\/\/soundborn.at\/online-booking\/ganzes-soundborn-professional-recording\/\",\"url\":\"https:\/\/soundborn.at\/online-booking\/ganzes-soundborn-professional-recording\/\",\"name\":\"Ganzes Soundborn (Professional Recording) - Soundborn\",\"isPartOf\":{\"@id\":\"https:\/\/soundborn.at\/#website\"},\"primaryImageOfPage\":{\"@id\":\"https:\/\/soundborn.at\/online-booking\/ganzes-soundborn-professional-recording\/#primaryimage\"},\"image\":{\"@id\":\"https:\/\/soundborn.at\/online-booking\/ganzes-soundborn-professional-recording\/#primaryimage\"},\"thumbnailUrl\":\"https:\/\/soundborn.at\/wp-content\/uploads\/2025\/01\/DSCF1729_processed.webp\",\"datePublished\":\"2025-07-07T09:44:49+00:00\",\"dateModified\":\"2026-03-12T07:57:03+00:00\",\"description\":\"Buche das gesamte Soundborn f\u00fcr professionelle Projekte und Aufnahmen. Im Control-Room k\u00f6nnen Live-Room, Drum-Room & Voice-Room einfach aufgenommen werden.\",\"breadcrumb\":{\"@id\":\"https:\/\/soundborn.at\/online-booking\/ganzes-soundborn-professional-recording\/#breadcrumb\"},\"inLanguage\":\"en-GB\",\"potentialAction\":[{\"@type\":\"ReadAction\",\"target\":[\"https:\/\/soundborn.at\/online-booking\/ganzes-soundborn-professional-recording\/\"]}]},{\"@type\":\"ImageObject\",\"inLanguage\":\"en-GB\",\"@id\":\"https:\/\/soundborn.at\/online-booking\/ganzes-soundborn-professional-recording\/#primaryimage\",\"url\":\"https:\/\/soundborn.at\/wp-content\/uploads\/2025\/01\/DSCF1729_processed.webp\",\"contentUrl\":\"https:\/\/soundborn.at\/wp-content\/uploads\/2025\/01\/DSCF1729_processed.webp\",\"width\":1500,\"height\":1000,\"caption\":\"Der Live-Room eignet sich hervorragend f\u00fcr Pr\u00e4sentationen und Vortr\u00e4ge in stimmungsvollem Ambiente.\"},{\"@type\":\"BreadcrumbList\",\"@id\":\"https:\/\/soundborn.at\/online-booking\/ganzes-soundborn-professional-recording\/#breadcrumb\",\"itemListElement\":[{\"@type\":\"ListItem\",\"position\":1,\"name\":\"Home\",\"item\":\"https:\/\/soundborn.at\/\"},{\"@type\":\"ListItem\",\"position\":2,\"name\":\"Online-Buchung\",\"item\":\"https:\/\/soundborn.at\/online-booking\/\"},{\"@type\":\"ListItem\",\"position\":3,\"name\":\"Ganzes Soundborn (Professional Recording)\"}]},{\"@type\":\"WebSite\",\"@id\":\"https:\/\/soundborn.at\/#website\",\"url\":\"https:\/\/soundborn.at\/\",\"name\":\"Soundborn\",\"description\":\"Tonstudio &amp; Prober\u00e4ume in Wien\",\"publisher\":{\"@id\":\"https:\/\/soundborn.at\/#organization\"},\"potentialAction\":[{\"@type\":\"SearchAction\",\"target\":{\"@type\":\"EntryPoint\",\"urlTemplate\":\"https:\/\/soundborn.at\/?s={search_term_string}\"},\"query-input\":{\"@type\":\"PropertyValueSpecification\",\"valueRequired\":true,\"valueName\":\"search_term_string\"}}],\"inLanguage\":\"en-GB\"},{\"@type\":\"Organization\",\"@id\":\"https:\/\/soundborn.at\/#organization\",\"name\":\"Soundborn\",\"url\":\"https:\/\/soundborn.at\/\",\"logo\":{\"@type\":\"ImageObject\",\"inLanguage\":\"en-GB\",\"@id\":\"https:\/\/soundborn.at\/#\/schema\/logo\/image\/\",\"url\":\"https:\/\/soundborn.at\/wp-content\/uploads\/2025\/02\/Soundborn_RedOnTrans_0.png\",\"contentUrl\":\"https:\/\/soundborn.at\/wp-content\/uploads\/2025\/02\/Soundborn_RedOnTrans_0.png\",\"width\":2401,\"height\":1201,\"caption\":\"Soundborn\"},\"image\":{\"@id\":\"https:\/\/soundborn.at\/#\/schema\/logo\/image\/\"},\"sameAs\":[\"https:\/\/www.facebook.com\/Soundborn\",\"https:\/\/www.instagram.com\/soundbornofficial\"]}]}<\/script>\n<!-- \/ Yoast SEO plugin. -->","yoast_head_json":{"title":"Ganzes Soundborn (Professional Recording) - Soundborn","description":"Buche das gesamte Soundborn f\u00fcr professionelle Projekte und Aufnahmen. Im Control-Room k\u00f6nnen Live-Room, Drum-Room & Voice-Room einfach aufgenommen werden.","robots":{"index":"index","follow":"follow","max-snippet":"max-snippet:-1","max-image-preview":"max-image-preview:large","max-video-preview":"max-video-preview:-1"},"canonical":"https:\/\/soundborn.at\/en\/online-booking\/ganzes-soundborn-professional-recording\/","og_locale":"en_GB","og_type":"article","og_title":"Ganzes Soundborn (Professional Recording) - Soundborn","og_description":"Buche das gesamte Soundborn f\u00fcr professionelle Projekte und Aufnahmen. Im Control-Room k\u00f6nnen Live-Room, Drum-Room & Voice-Room einfach aufgenommen werden.","og_url":"https:\/\/soundborn.at\/en\/online-booking\/ganzes-soundborn-professional-recording\/","og_site_name":"Soundborn","article_publisher":"https:\/\/www.facebook.com\/Soundborn","article_modified_time":"2026-03-12T07:57:03+00:00","og_image":[{"width":1500,"height":1000,"url":"https:\/\/soundborn.at\/wp-content\/uploads\/2025\/01\/DSCF1729_processed.webp","type":"image\/webp"}],"twitter_card":"summary_large_image","twitter_misc":{"Estimated reading time":"2 minutes"},"schema":{"@context":"https:\/\/schema.org","@graph":[{"@type":"WebPage","@id":"https:\/\/soundborn.at\/online-booking\/ganzes-soundborn-professional-recording\/","url":"https:\/\/soundborn.at\/online-booking\/ganzes-soundborn-professional-recording\/","name":"Ganzes Soundborn (Professional Recording) - Soundborn","isPartOf":{"@id":"https:\/\/soundborn.at\/#website"},"primaryImageOfPage":{"@id":"https:\/\/soundborn.at\/online-booking\/ganzes-soundborn-professional-recording\/#primaryimage"},"image":{"@id":"https:\/\/soundborn.at\/online-booking\/ganzes-soundborn-professional-recording\/#primaryimage"},"thumbnailUrl":"https:\/\/soundborn.at\/wp-content\/uploads\/2025\/01\/DSCF1729_processed.webp","datePublished":"2025-07-07T09:44:49+00:00","dateModified":"2026-03-12T07:57:03+00:00","description":"Buche das gesamte Soundborn f\u00fcr professionelle Projekte und Aufnahmen. Im Control-Room k\u00f6nnen Live-Room, Drum-Room & Voice-Room einfach aufgenommen werden.","breadcrumb":{"@id":"https:\/\/soundborn.at\/online-booking\/ganzes-soundborn-professional-recording\/#breadcrumb"},"inLanguage":"en-GB","potentialAction":[{"@type":"ReadAction","target":["https:\/\/soundborn.at\/online-booking\/ganzes-soundborn-professional-recording\/"]}]},{"@type":"ImageObject","inLanguage":"en-GB","@id":"https:\/\/soundborn.at\/online-booking\/ganzes-soundborn-professional-recording\/#primaryimage","url":"https:\/\/soundborn.at\/wp-content\/uploads\/2025\/01\/DSCF1729_processed.webp","contentUrl":"https:\/\/soundborn.at\/wp-content\/uploads\/2025\/01\/DSCF1729_processed.webp","width":1500,"height":1000,"caption":"Der Live-Room eignet sich hervorragend f\u00fcr Pr\u00e4sentationen und Vortr\u00e4ge in stimmungsvollem Ambiente."},{"@type":"BreadcrumbList","@id":"https:\/\/soundborn.at\/online-booking\/ganzes-soundborn-professional-recording\/#breadcrumb","itemListElement":[{"@type":"ListItem","position":1,"name":"Home","item":"https:\/\/soundborn.at\/"},{"@type":"ListItem","position":2,"name":"Online-Buchung","item":"https:\/\/soundborn.at\/online-booking\/"},{"@type":"ListItem","position":3,"name":"Ganzes Soundborn (Professional Recording)"}]},{"@type":"WebSite","@id":"https:\/\/soundborn.at\/#website","url":"https:\/\/soundborn.at\/","name":"Soundborn","description":"Tonstudio &amp; Prober\u00e4ume in Wien","publisher":{"@id":"https:\/\/soundborn.at\/#organization"},"potentialAction":[{"@type":"SearchAction","target":{"@type":"EntryPoint","urlTemplate":"https:\/\/soundborn.at\/?s={search_term_string}"},"query-input":{"@type":"PropertyValueSpecification","valueRequired":true,"valueName":"search_term_string"}}],"inLanguage":"en-GB"},{"@type":"Organization","@id":"https:\/\/soundborn.at\/#organization","name":"Soundborn","url":"https:\/\/soundborn.at\/","logo":{"@type":"ImageObject","inLanguage":"en-GB","@id":"https:\/\/soundborn.at\/#\/schema\/logo\/image\/","url":"https:\/\/soundborn.at\/wp-content\/uploads\/2025\/02\/Soundborn_RedOnTrans_0.png","contentUrl":"https:\/\/soundborn.at\/wp-content\/uploads\/2025\/02\/Soundborn_RedOnTrans_0.png","width":2401,"height":1201,"caption":"Soundborn"},"image":{"@id":"https:\/\/soundborn.at\/#\/schema\/logo\/image\/"},"sameAs":["https:\/\/www.facebook.com\/Soundborn","https:\/\/www.instagram.com\/soundbornofficial"]}]}},"_links":{"self":[{"href":"https:\/\/soundborn.at\/en\/wp-json\/wp\/v2\/product\/3512","targetHints":{"allow":["GET"]}}],"collection":[{"href":"https:\/\/soundborn.at\/en\/wp-json\/wp\/v2\/product"}],"about":[{"href":"https:\/\/soundborn.at\/en\/wp-json\/wp\/v2\/types\/product"}],"wp:featuredmedia":[{"embeddable":true,"href":"https:\/\/soundborn.at\/en\/wp-json\/wp\/v2\/media\/1703"}],"wp:attachment":[{"href":"https:\/\/soundborn.at\/en\/wp-json\/wp\/v2\/media?parent=3512"}],"wp:term":[{"taxonomy":"product_brand","embeddable":true,"href":"https:\/\/soundborn.at\/en\/wp-json\/wp\/v2\/product_brand?post=3512"},{"taxonomy":"product_cat","embeddable":true,"href":"https:\/\/soundborn.at\/en\/wp-json\/wp\/v2\/product_cat?post=3512"},{"taxonomy":"product_tag","embeddable":true,"href":"https:\/\/soundborn.at\/en\/wp-json\/wp\/v2\/product_tag?post=3512"}],"curies":[{"name":"wp","href":"https:\/\/api.w.org\/{rel}","templated":true}]}}