{"id":4745,"date":"2026-03-07T17:55:01","date_gmt":"2026-03-07T16:55:01","guid":{"rendered":"https:\/\/soundborn.at\/?post_type=product&#038;p=4745"},"modified":"2026-03-08T00:28:49","modified_gmt":"2026-03-07T23:28:49","slug":"private-event","status":"publish","type":"product","link":"https:\/\/soundborn.at\/en\/online-booking\/private-event\/","title":{"rendered":"Private Event"},"content":{"rendered":"<p data-start=\"40\" data-end=\"411\">Miete das Soundborn exklusiv f\u00fcr deine private Veranstaltung! Der gro\u00dfz\u00fcgige Live-Room und der gem\u00fctliche Barbereich bieten den idealen Rahmen f\u00fcr Firmenfeiern, Geburtstagsfeste, Pr\u00e4sentationen, Workshops oder andere besondere Anl\u00e4sse. Das stilvolle Ambiente schafft eine lockere Atmosph\u00e4re, in der sich G\u00e4ste schnell wohlf\u00fchlen.<\/p>\n<p data-start=\"413\" data-end=\"779\">Bitte beachte, dass das Studio nach der Veranstaltung wieder in dem Zustand hinterlassen werden muss, in dem es zu Beginn \u00fcbernommen wurde. Eine Reinigung der R\u00e4umlichkeiten ist nicht im Angebot enthalten. Au\u00dferdem bitten wir darum, die Lautst\u00e4rke w\u00e4hrend der Veranstaltung auf einem angemessenen Niveau zu halten, damit auch unsere Nachbarn sich nicht gest\u00f6rt f\u00fchlen.<\/p>\n<p data-start=\"781\" data-end=\"873\" data-is-last-node=\"\" data-is-only-node=\"\">Wenn du Fragen zur Nutzung oder Planung deiner Veranstaltung hast, melde dich gerne bei uns per Email (office@soundborn.at).<\/p>","protected":false},"excerpt":{"rendered":"<p>Miete das Soundborn exklusiv f\u00fcr deine private Veranstaltung! Der gro\u00dfz\u00fcgige Live-Room und der gem\u00fctliche Barbereich bieten den idealen Rahmen f\u00fcr Firmenfeiern, Geburtstagsfeste, Pr\u00e4sentationen, Workshops oder andere besondere Anl\u00e4sse. Das stilvolle Ambiente schafft eine lockere Atmosph\u00e4re, in der sich G\u00e4ste schnell wohlf\u00fchlen. Bitte beachte, dass das Studio nach der Veranstaltung wieder in dem Zustand hinterlassen werden [&hellip;]<\/p>","protected":false},"featured_media":1471,"template":"","meta":{"_acf_changed":false},"product_brand":[],"product_cat":[54],"product_tag":[],"class_list":{"0":"post-4745","1":"product","2":"type-product","3":"status-publish","4":"has-post-thumbnail","6":"product_cat-misc","8":"first","9":"instock","10":"taxable","11":"shipping-taxable","12":"purchasable","13":"product-type-redq_rental"},"acf":[],"yoast_head":"<!-- This site is optimized with the Yoast SEO plugin v26.9 - https:\/\/yoast.com\/product\/yoast-seo-wordpress\/ -->\n<title>Private Veranstaltung - Soundborn<\/title>\n<meta name=\"description\" content=\"Privatveranstaltung im Soundborn buchen, gem\u00fctliche Atmosph\u00e4re, perfekt f\u00fcr Firmenfeiern und Geburtstage! Einfach online buchen!\" \/>\n<meta name=\"robots\" content=\"index, follow, max-snippet:-1, max-image-preview:large, max-video-preview:-1\" \/>\n<link rel=\"canonical\" href=\"https:\/\/soundborn.at\/en\/online-booking\/private-event\/\" \/>\n<meta property=\"og:locale\" content=\"en_GB\" \/>\n<meta property=\"og:type\" content=\"article\" \/>\n<meta property=\"og:title\" content=\"Private Veranstaltung - Soundborn\" \/>\n<meta property=\"og:description\" content=\"Privatveranstaltung im Soundborn buchen, gem\u00fctliche Atmosph\u00e4re, perfekt f\u00fcr Firmenfeiern und Geburtstage! Einfach online buchen!\" \/>\n<meta property=\"og:url\" content=\"https:\/\/soundborn.at\/en\/online-booking\/private-event\/\" \/>\n<meta property=\"og:site_name\" content=\"Soundborn\" \/>\n<meta property=\"article:publisher\" content=\"https:\/\/www.facebook.com\/Soundborn\" \/>\n<meta property=\"article:modified_time\" content=\"2026-03-07T23:28:49+00:00\" \/>\n<meta property=\"og:image\" content=\"https:\/\/soundborn.at\/wp-content\/uploads\/2025\/01\/DSCF1615.webp\" \/>\n\t<meta property=\"og:image:width\" content=\"1500\" \/>\n\t<meta property=\"og:image:height\" content=\"1000\" \/>\n\t<meta property=\"og:image:type\" content=\"image\/webp\" \/>\n<meta name=\"twitter:card\" content=\"summary_large_image\" \/>\n<meta name=\"twitter:label1\" content=\"Estimated reading time\" \/>\n\t<meta name=\"twitter:data1\" content=\"1 minute\" \/>\n<script type=\"application\/ld+json\" class=\"yoast-schema-graph\">{\"@context\":\"https:\/\/schema.org\",\"@graph\":[{\"@type\":\"WebPage\",\"@id\":\"https:\/\/soundborn.at\/online-booking\/private-event\/\",\"url\":\"https:\/\/soundborn.at\/online-booking\/private-event\/\",\"name\":\"Private Veranstaltung - Soundborn\",\"isPartOf\":{\"@id\":\"https:\/\/soundborn.at\/#website\"},\"primaryImageOfPage\":{\"@id\":\"https:\/\/soundborn.at\/online-booking\/private-event\/#primaryimage\"},\"image\":{\"@id\":\"https:\/\/soundborn.at\/online-booking\/private-event\/#primaryimage\"},\"thumbnailUrl\":\"https:\/\/soundborn.at\/wp-content\/uploads\/2025\/01\/DSCF1615.webp\",\"datePublished\":\"2026-03-07T16:55:01+00:00\",\"dateModified\":\"2026-03-07T23:28:49+00:00\",\"description\":\"Privatveranstaltung im Soundborn buchen, gem\u00fctliche Atmosph\u00e4re, perfekt f\u00fcr Firmenfeiern und Geburtstage! Einfach online buchen!\",\"breadcrumb\":{\"@id\":\"https:\/\/soundborn.at\/online-booking\/private-event\/#breadcrumb\"},\"inLanguage\":\"en-GB\",\"potentialAction\":[{\"@type\":\"ReadAction\",\"target\":[\"https:\/\/soundborn.at\/online-booking\/private-event\/\"]}]},{\"@type\":\"ImageObject\",\"inLanguage\":\"en-GB\",\"@id\":\"https:\/\/soundborn.at\/online-booking\/private-event\/#primaryimage\",\"url\":\"https:\/\/soundborn.at\/wp-content\/uploads\/2025\/01\/DSCF1615.webp\",\"contentUrl\":\"https:\/\/soundborn.at\/wp-content\/uploads\/2025\/01\/DSCF1615.webp\",\"width\":1500,\"height\":1000,\"caption\":\"Live-Room Light-Setting Photo\"},{\"@type\":\"BreadcrumbList\",\"@id\":\"https:\/\/soundborn.at\/online-booking\/private-event\/#breadcrumb\",\"itemListElement\":[{\"@type\":\"ListItem\",\"position\":1,\"name\":\"Home\",\"item\":\"https:\/\/soundborn.at\/\"},{\"@type\":\"ListItem\",\"position\":2,\"name\":\"Online-Buchung\",\"item\":\"https:\/\/soundborn.at\/online-booking\/\"},{\"@type\":\"ListItem\",\"position\":3,\"name\":\"Private Veranstaltung\"}]},{\"@type\":\"WebSite\",\"@id\":\"https:\/\/soundborn.at\/#website\",\"url\":\"https:\/\/soundborn.at\/\",\"name\":\"Soundborn\",\"description\":\"Tonstudio &amp; Prober\u00e4ume in Wien\",\"publisher\":{\"@id\":\"https:\/\/soundborn.at\/#organization\"},\"potentialAction\":[{\"@type\":\"SearchAction\",\"target\":{\"@type\":\"EntryPoint\",\"urlTemplate\":\"https:\/\/soundborn.at\/?s={search_term_string}\"},\"query-input\":{\"@type\":\"PropertyValueSpecification\",\"valueRequired\":true,\"valueName\":\"search_term_string\"}}],\"inLanguage\":\"en-GB\"},{\"@type\":\"Organization\",\"@id\":\"https:\/\/soundborn.at\/#organization\",\"name\":\"Soundborn\",\"url\":\"https:\/\/soundborn.at\/\",\"logo\":{\"@type\":\"ImageObject\",\"inLanguage\":\"en-GB\",\"@id\":\"https:\/\/soundborn.at\/#\/schema\/logo\/image\/\",\"url\":\"https:\/\/soundborn.at\/wp-content\/uploads\/2025\/02\/Soundborn_RedOnTrans_0.png\",\"contentUrl\":\"https:\/\/soundborn.at\/wp-content\/uploads\/2025\/02\/Soundborn_RedOnTrans_0.png\",\"width\":2401,\"height\":1201,\"caption\":\"Soundborn\"},\"image\":{\"@id\":\"https:\/\/soundborn.at\/#\/schema\/logo\/image\/\"},\"sameAs\":[\"https:\/\/www.facebook.com\/Soundborn\",\"https:\/\/www.instagram.com\/soundbornofficial\"]}]}<\/script>\n<!-- \/ Yoast SEO plugin. -->","yoast_head_json":{"title":"Private Veranstaltung - Soundborn","description":"Privatveranstaltung im Soundborn buchen, gem\u00fctliche Atmosph\u00e4re, perfekt f\u00fcr Firmenfeiern und Geburtstage! Einfach online buchen!","robots":{"index":"index","follow":"follow","max-snippet":"max-snippet:-1","max-image-preview":"max-image-preview:large","max-video-preview":"max-video-preview:-1"},"canonical":"https:\/\/soundborn.at\/en\/online-booking\/private-event\/","og_locale":"en_GB","og_type":"article","og_title":"Private Veranstaltung - Soundborn","og_description":"Privatveranstaltung im Soundborn buchen, gem\u00fctliche Atmosph\u00e4re, perfekt f\u00fcr Firmenfeiern und Geburtstage! Einfach online buchen!","og_url":"https:\/\/soundborn.at\/en\/online-booking\/private-event\/","og_site_name":"Soundborn","article_publisher":"https:\/\/www.facebook.com\/Soundborn","article_modified_time":"2026-03-07T23:28:49+00:00","og_image":[{"width":1500,"height":1000,"url":"https:\/\/soundborn.at\/wp-content\/uploads\/2025\/01\/DSCF1615.webp","type":"image\/webp"}],"twitter_card":"summary_large_image","twitter_misc":{"Estimated reading time":"1 minute"},"schema":{"@context":"https:\/\/schema.org","@graph":[{"@type":"WebPage","@id":"https:\/\/soundborn.at\/online-booking\/private-event\/","url":"https:\/\/soundborn.at\/online-booking\/private-event\/","name":"Private Veranstaltung - Soundborn","isPartOf":{"@id":"https:\/\/soundborn.at\/#website"},"primaryImageOfPage":{"@id":"https:\/\/soundborn.at\/online-booking\/private-event\/#primaryimage"},"image":{"@id":"https:\/\/soundborn.at\/online-booking\/private-event\/#primaryimage"},"thumbnailUrl":"https:\/\/soundborn.at\/wp-content\/uploads\/2025\/01\/DSCF1615.webp","datePublished":"2026-03-07T16:55:01+00:00","dateModified":"2026-03-07T23:28:49+00:00","description":"Privatveranstaltung im Soundborn buchen, gem\u00fctliche Atmosph\u00e4re, perfekt f\u00fcr Firmenfeiern und Geburtstage! Einfach online buchen!","breadcrumb":{"@id":"https:\/\/soundborn.at\/online-booking\/private-event\/#breadcrumb"},"inLanguage":"en-GB","potentialAction":[{"@type":"ReadAction","target":["https:\/\/soundborn.at\/online-booking\/private-event\/"]}]},{"@type":"ImageObject","inLanguage":"en-GB","@id":"https:\/\/soundborn.at\/online-booking\/private-event\/#primaryimage","url":"https:\/\/soundborn.at\/wp-content\/uploads\/2025\/01\/DSCF1615.webp","contentUrl":"https:\/\/soundborn.at\/wp-content\/uploads\/2025\/01\/DSCF1615.webp","width":1500,"height":1000,"caption":"Live-Room Light-Setting Photo"},{"@type":"BreadcrumbList","@id":"https:\/\/soundborn.at\/online-booking\/private-event\/#breadcrumb","itemListElement":[{"@type":"ListItem","position":1,"name":"Home","item":"https:\/\/soundborn.at\/"},{"@type":"ListItem","position":2,"name":"Online-Buchung","item":"https:\/\/soundborn.at\/online-booking\/"},{"@type":"ListItem","position":3,"name":"Private Veranstaltung"}]},{"@type":"WebSite","@id":"https:\/\/soundborn.at\/#website","url":"https:\/\/soundborn.at\/","name":"Soundborn","description":"Tonstudio &amp; Prober\u00e4ume in Wien","publisher":{"@id":"https:\/\/soundborn.at\/#organization"},"potentialAction":[{"@type":"SearchAction","target":{"@type":"EntryPoint","urlTemplate":"https:\/\/soundborn.at\/?s={search_term_string}"},"query-input":{"@type":"PropertyValueSpecification","valueRequired":true,"valueName":"search_term_string"}}],"inLanguage":"en-GB"},{"@type":"Organization","@id":"https:\/\/soundborn.at\/#organization","name":"Soundborn","url":"https:\/\/soundborn.at\/","logo":{"@type":"ImageObject","inLanguage":"en-GB","@id":"https:\/\/soundborn.at\/#\/schema\/logo\/image\/","url":"https:\/\/soundborn.at\/wp-content\/uploads\/2025\/02\/Soundborn_RedOnTrans_0.png","contentUrl":"https:\/\/soundborn.at\/wp-content\/uploads\/2025\/02\/Soundborn_RedOnTrans_0.png","width":2401,"height":1201,"caption":"Soundborn"},"image":{"@id":"https:\/\/soundborn.at\/#\/schema\/logo\/image\/"},"sameAs":["https:\/\/www.facebook.com\/Soundborn","https:\/\/www.instagram.com\/soundbornofficial"]}]}},"_links":{"self":[{"href":"https:\/\/soundborn.at\/en\/wp-json\/wp\/v2\/product\/4745","targetHints":{"allow":["GET"]}}],"collection":[{"href":"https:\/\/soundborn.at\/en\/wp-json\/wp\/v2\/product"}],"about":[{"href":"https:\/\/soundborn.at\/en\/wp-json\/wp\/v2\/types\/product"}],"wp:featuredmedia":[{"embeddable":true,"href":"https:\/\/soundborn.at\/en\/wp-json\/wp\/v2\/media\/1471"}],"wp:attachment":[{"href":"https:\/\/soundborn.at\/en\/wp-json\/wp\/v2\/media?parent=4745"}],"wp:term":[{"taxonomy":"product_brand","embeddable":true,"href":"https:\/\/soundborn.at\/en\/wp-json\/wp\/v2\/product_brand?post=4745"},{"taxonomy":"product_cat","embeddable":true,"href":"https:\/\/soundborn.at\/en\/wp-json\/wp\/v2\/product_cat?post=4745"},{"taxonomy":"product_tag","embeddable":true,"href":"https:\/\/soundborn.at\/en\/wp-json\/wp\/v2\/product_tag?post=4745"}],"curies":[{"name":"wp","href":"https:\/\/api.w.org\/{rel}","templated":true}]}}